{"id":8,"date":"2022-02-24T15:01:56","date_gmt":"2022-02-24T14:01:56","guid":{"rendered":"http:\/\/untoitcesttout.org\/?page_id=8"},"modified":"2025-12-07T18:46:05","modified_gmt":"2025-12-07T17:46:05","slug":"blog","status":"publish","type":"page","link":"https:\/\/untoitcesttout.org\/?page_id=8","title":{"rendered":"Agenda"},"content":{"rendered":"\n<p><\/p>\n\n\n\n<p><strong>Jeudi 18 d\u00e9cembre 2025<\/strong>: Journ\u00e9e internationale des migrants \u00e0 St Etienne.<\/p>\n\n\n\n<p><strong>Samedi 28 D\u00e9cembre 2025<\/strong> : nous f\u00eatons la fin d&rsquo;ann\u00e9e avec les familles h\u00e9berg\u00e9es, salle du prieur\u00e9 \u00e0 St Rambert.<\/p>\n\n\n\n<p><strong>samedi 7 f\u00e9vrier 2026<\/strong>: Assembl\u00e9e G\u00e9n\u00e9rale de l&rsquo;association. <\/p>\n\n\n\n<p><\/p>\n\n\n\n<p><\/p>\n","protected":false},"excerpt":{"rendered":"<p>Jeudi 18 d\u00e9cembre 2025: Journ\u00e9e internationale des migrants \u00e0 St Etienne. Samedi 28 D\u00e9cembre 2025 : nous f\u00eatons la fin d&rsquo;ann\u00e9e avec les familles h\u00e9berg\u00e9es, salle du prieur\u00e9 \u00e0 St Rambert. samedi 7 f\u00e9vrier 2026: Assembl\u00e9e G\u00e9n\u00e9rale de l&rsquo;association.<\/p>\n","protected":false},"author":1,"featured_media":0,"parent":0,"menu_order":0,"comment_status":"closed","ping_status":"closed","template":"","meta":{"footnotes":""},"class_list":["post-8","page","type-page","status-publish","hentry"],"yoast_head":"<!-- This site is optimized with the Yoast SEO plugin v27.4 - https:\/\/yoast.com\/product\/yoast-seo-wordpress\/ -->\n<title>Agenda - Un Toit C&#039;est Tout<\/title>\n<meta name=\"robots\" content=\"index, follow, max-snippet:-1, max-image-preview:large, max-video-preview:-1\" \/>\n<link rel=\"canonical\" href=\"https:\/\/untoitcesttout.org\/?page_id=8\" \/>\n<meta property=\"og:locale\" content=\"fr_FR\" \/>\n<meta property=\"og:type\" content=\"article\" \/>\n<meta property=\"og:title\" content=\"Agenda - Un Toit C&#039;est Tout\" \/>\n<meta property=\"og:description\" content=\"Jeudi 18 d\u00e9cembre 2025: Journ\u00e9e internationale des migrants \u00e0 St Etienne. Samedi 28 D\u00e9cembre 2025 : nous f\u00eatons la fin d&rsquo;ann\u00e9e avec les familles h\u00e9berg\u00e9es, salle du prieur\u00e9 \u00e0 St Rambert. samedi 7 f\u00e9vrier 2026: Assembl\u00e9e G\u00e9n\u00e9rale de l&rsquo;association.\" \/>\n<meta property=\"og:url\" content=\"https:\/\/untoitcesttout.org\/?page_id=8\" \/>\n<meta property=\"og:site_name\" content=\"Un Toit C&#039;est Tout\" \/>\n<meta property=\"article:publisher\" content=\"https:\/\/www.facebook.com\/UnToitCestTout\" \/>\n<meta property=\"article:modified_time\" content=\"2025-12-07T17:46:05+00:00\" \/>\n<meta name=\"twitter:card\" content=\"summary_large_image\" \/>\n<meta name=\"twitter:label1\" content=\"Dur\u00e9e de lecture estim\u00e9e\" \/>\n\t<meta name=\"twitter:data1\" content=\"1 minute\" \/>\n<script type=\"application\/ld+json\" class=\"yoast-schema-graph\">{\"@context\":\"https:\\\/\\\/schema.org\",\"@graph\":[{\"@type\":[\"WebPage\",\"CollectionPage\"],\"@id\":\"https:\\\/\\\/untoitcesttout.org\\\/?page_id=8\",\"url\":\"https:\\\/\\\/untoitcesttout.org\\\/?page_id=8\",\"name\":\"Agenda - Un Toit C&#039;est Tout\",\"isPartOf\":{\"@id\":\"https:\\\/\\\/untoitcesttout.org\\\/#website\"},\"datePublished\":\"2022-02-24T14:01:56+00:00\",\"dateModified\":\"2025-12-07T17:46:05+00:00\",\"breadcrumb\":{\"@id\":\"https:\\\/\\\/untoitcesttout.org\\\/?page_id=8#breadcrumb\"},\"inLanguage\":\"fr-FR\"},{\"@type\":\"BreadcrumbList\",\"@id\":\"https:\\\/\\\/untoitcesttout.org\\\/?page_id=8#breadcrumb\",\"itemListElement\":[{\"@type\":\"ListItem\",\"position\":1,\"name\":\"Accueil\",\"item\":\"https:\\\/\\\/untoitcesttout.org\\\/\"},{\"@type\":\"ListItem\",\"position\":2,\"name\":\"Agenda\"}]},{\"@type\":\"WebSite\",\"@id\":\"https:\\\/\\\/untoitcesttout.org\\\/#website\",\"url\":\"https:\\\/\\\/untoitcesttout.org\\\/\",\"name\":\"Un Toit C'est Tout\",\"description\":\"Association de solidarit\u00e9 pour et avec les sans logement\",\"potentialAction\":[{\"@type\":\"SearchAction\",\"target\":{\"@type\":\"EntryPoint\",\"urlTemplate\":\"https:\\\/\\\/untoitcesttout.org\\\/?s={search_term_string}\"},\"query-input\":{\"@type\":\"PropertyValueSpecification\",\"valueRequired\":true,\"valueName\":\"search_term_string\"}}],\"inLanguage\":\"fr-FR\"}]}<\/script>\n<!-- \/ Yoast SEO plugin. -->","yoast_head_json":{"title":"Agenda - Un Toit C&#039;est Tout","robots":{"index":"index","follow":"follow","max-snippet":"max-snippet:-1","max-image-preview":"max-image-preview:large","max-video-preview":"max-video-preview:-1"},"canonical":"https:\/\/untoitcesttout.org\/?page_id=8","og_locale":"fr_FR","og_type":"article","og_title":"Agenda - Un Toit C&#039;est Tout","og_description":"Jeudi 18 d\u00e9cembre 2025: Journ\u00e9e internationale des migrants \u00e0 St Etienne. Samedi 28 D\u00e9cembre 2025 : nous f\u00eatons la fin d&rsquo;ann\u00e9e avec les familles h\u00e9berg\u00e9es, salle du prieur\u00e9 \u00e0 St Rambert. samedi 7 f\u00e9vrier 2026: Assembl\u00e9e G\u00e9n\u00e9rale de l&rsquo;association.","og_url":"https:\/\/untoitcesttout.org\/?page_id=8","og_site_name":"Un Toit C&#039;est Tout","article_publisher":"https:\/\/www.facebook.com\/UnToitCestTout","article_modified_time":"2025-12-07T17:46:05+00:00","twitter_card":"summary_large_image","twitter_misc":{"Dur\u00e9e de lecture estim\u00e9e":"1 minute"},"schema":{"@context":"https:\/\/schema.org","@graph":[{"@type":["WebPage","CollectionPage"],"@id":"https:\/\/untoitcesttout.org\/?page_id=8","url":"https:\/\/untoitcesttout.org\/?page_id=8","name":"Agenda - Un Toit C&#039;est Tout","isPartOf":{"@id":"https:\/\/untoitcesttout.org\/#website"},"datePublished":"2022-02-24T14:01:56+00:00","dateModified":"2025-12-07T17:46:05+00:00","breadcrumb":{"@id":"https:\/\/untoitcesttout.org\/?page_id=8#breadcrumb"},"inLanguage":"fr-FR"},{"@type":"BreadcrumbList","@id":"https:\/\/untoitcesttout.org\/?page_id=8#breadcrumb","itemListElement":[{"@type":"ListItem","position":1,"name":"Accueil","item":"https:\/\/untoitcesttout.org\/"},{"@type":"ListItem","position":2,"name":"Agenda"}]},{"@type":"WebSite","@id":"https:\/\/untoitcesttout.org\/#website","url":"https:\/\/untoitcesttout.org\/","name":"Un Toit C'est Tout","description":"Association de solidarit\u00e9 pour et avec les sans logement","potentialAction":[{"@type":"SearchAction","target":{"@type":"EntryPoint","urlTemplate":"https:\/\/untoitcesttout.org\/?s={search_term_string}"},"query-input":{"@type":"PropertyValueSpecification","valueRequired":true,"valueName":"search_term_string"}}],"inLanguage":"fr-FR"}]}},"_links":{"self":[{"href":"https:\/\/untoitcesttout.org\/index.php?rest_route=\/wp\/v2\/pages\/8","targetHints":{"allow":["GET"]}}],"collection":[{"href":"https:\/\/untoitcesttout.org\/index.php?rest_route=\/wp\/v2\/pages"}],"about":[{"href":"https:\/\/untoitcesttout.org\/index.php?rest_route=\/wp\/v2\/types\/page"}],"author":[{"embeddable":true,"href":"https:\/\/untoitcesttout.org\/index.php?rest_route=\/wp\/v2\/users\/1"}],"replies":[{"embeddable":true,"href":"https:\/\/untoitcesttout.org\/index.php?rest_route=%2Fwp%2Fv2%2Fcomments&post=8"}],"version-history":[{"count":26,"href":"https:\/\/untoitcesttout.org\/index.php?rest_route=\/wp\/v2\/pages\/8\/revisions"}],"predecessor-version":[{"id":782,"href":"https:\/\/untoitcesttout.org\/index.php?rest_route=\/wp\/v2\/pages\/8\/revisions\/782"}],"wp:attachment":[{"href":"https:\/\/untoitcesttout.org\/index.php?rest_route=%2Fwp%2Fv2%2Fmedia&parent=8"}],"curies":[{"name":"wp","href":"https:\/\/api.w.org\/{rel}","templated":true}]}}