{"id":67,"date":"2022-03-14T16:34:22","date_gmt":"2022-03-14T15:34:22","guid":{"rendered":"http:\/\/untoitcesttout.org\/?page_id=67"},"modified":"2025-12-19T20:10:34","modified_gmt":"2025-12-19T19:10:34","slug":"participer","status":"publish","type":"page","link":"https:\/\/untoitcesttout.org\/?page_id=67","title":{"rendered":"Rejoignez nous!"},"content":{"rendered":"\n<p><strong>Devenir membre:<\/strong><br>Adh\u00e9rer \u00e0 l&rsquo;association par une cotisation annuelle de 10 \u20ac.<br>Parrainer l&rsquo;association en s&rsquo;engageant \u00e0 verser une somme r\u00e9guli\u00e8rement.<br>par exemple 5 \u20ac par mois x 12 mois = 60 \u20ac par an &#8230;<\/p>\n\n\n\n<p><\/p>\n\n\n\n<p><\/p>\n\n\n\n<p><br> 20\u20ac par mois x 12 mois = 240\u20ac par an &#8230;<br> 40 \u20ac par mois x 12 mois = 480 \u20ac par an &#8230;<br><br><em><strong><a href=\"https:\/\/untoitcesttout.org\/?page_id=6\">L&rsquo;association \u00ab\u00a0Un Toit C&rsquo;est Tout\u00a0\u00bb<\/a> est reconnue d&rsquo;int\u00e9r\u00eat g\u00e9n\u00e9ral. La somme vers\u00e9e sera d\u00e9ductible des imp\u00f4ts (66%) selon la loi \u00ab\u00a0dons et cotisations\u00a0\u00bb<\/strong><\/em><\/p>\n\n\n<p class=\"has-text-align-center has-tertiary-color has-text-color\"><strong>Pour vos virements sur le compte UN TOIT C&rsquo;EST TOUT au Cr\u00e9dit Mutuel , <\/strong><br \/><strong>notre IBAN : FR7610278073520002038090160<\/strong><\/p>\n<p class=\"has-text-align-center has-accent-color has-text-color\"><strong>Vous pouvez faire vos virements en ligne avec Helloasso :<\/strong> <strong><a href=\"https:\/\/www.helloasso.com\/associations\/un-toit-c-est-tout\" target=\"_blank\" rel=\"noreferrer noopener\">https:\/\/www.helloasso.com\/associations\/un-toit-c-est-tout<\/a><\/strong><\/p>\n\n\n<figure class=\"wp-block-gallery has-nested-images columns-default is-cropped wp-block-gallery-1 is-layout-flex wp-block-gallery-is-layout-flex\">\n<figure class=\"wp-block-image size-large\"><img decoding=\"async\" data-id=\"375\" src=\"https:\/\/untoitcesttout.org\/wp-content\/uploads\/2023\/03\/depositphotos_145939333-stock-photo-colorful-painted-human-hands-1.webp\" alt=\"\" class=\"wp-image-375\"\/><\/figure>\n<\/figure>\n\n\n\n<p><strong>Appel \u00e0 b\u00e9n\u00e9volat<\/strong><br>Nous recherchons:<br>&#8211; des personnes pour faire partie du Conseil d&rsquo;administration, participer aux d\u00e9cisions de l&rsquo;association, et aider \u00e0 l&rsquo;organisation d&rsquo;\u00e9v\u00e8nements<br>&#8211; des personnes comp\u00e9tentes en mati\u00e8re juridique.<br>&#8211; des b\u00e9n\u00e9voles pour accompagner les familles vers l&rsquo;autonomie.<\/p>\n\n\n\n<p><strong>Recherche de logements.<\/strong><br>Propri\u00e9taires d&rsquo;un logement vacant vous pouvez nous aider le en mettant \u00e0 disposition de l&rsquo;association qui en assumera les charges. Vous aurez alors droit \u00e0 des <strong>avantages fiscaux.<\/strong><\/p>\n\n\n\n<p><\/p>\n\n\n\n<p><\/p>\n\n\n\n<p class=\"has-text-align-center has-accent-color has-text-color\"><br><br>                          <br><\/p>\n","protected":false},"excerpt":{"rendered":"<p>Devenir membre:Adh\u00e9rer \u00e0 l&rsquo;association par une cotisation annuelle de 10 \u20ac.Parrainer l&rsquo;association en s&rsquo;engageant \u00e0 verser une somme r\u00e9guli\u00e8rement.par exemple 5 \u20ac par mois x 12 mois = 60 \u20ac par an &#8230; 20\u20ac par mois x 12 mois = &hellip; <a href=\"https:\/\/untoitcesttout.org\/?page_id=67\">Continuer la lecture <span class=\"meta-nav\">&rarr;<\/span><\/a><\/p>\n","protected":false},"author":1,"featured_media":0,"parent":0,"menu_order":0,"comment_status":"closed","ping_status":"closed","template":"","meta":{"footnotes":""},"class_list":["post-67","page","type-page","status-publish","hentry"],"yoast_head":"<!-- This site is optimized with the Yoast SEO plugin v27.4 - https:\/\/yoast.com\/product\/yoast-seo-wordpress\/ -->\n<title>Rejoignez nous! - Un Toit C&#039;est Tout<\/title>\n<meta name=\"robots\" content=\"index, follow, max-snippet:-1, max-image-preview:large, max-video-preview:-1\" \/>\n<link rel=\"canonical\" href=\"https:\/\/untoitcesttout.org\/?page_id=67\" \/>\n<meta property=\"og:locale\" content=\"fr_FR\" \/>\n<meta property=\"og:type\" content=\"article\" \/>\n<meta property=\"og:title\" content=\"Rejoignez nous! - Un Toit C&#039;est Tout\" \/>\n<meta property=\"og:description\" content=\"Devenir membre:Adh\u00e9rer \u00e0 l&rsquo;association par une cotisation annuelle de 10 \u20ac.Parrainer l&rsquo;association en s&rsquo;engageant \u00e0 verser une somme r\u00e9guli\u00e8rement.par exemple 5 \u20ac par mois x 12 mois = 60 \u20ac par an &#8230; 20\u20ac par mois x 12 mois = &hellip; Continuer la lecture &rarr;\" \/>\n<meta property=\"og:url\" content=\"https:\/\/untoitcesttout.org\/?page_id=67\" \/>\n<meta property=\"og:site_name\" content=\"Un Toit C&#039;est Tout\" \/>\n<meta property=\"article:publisher\" content=\"https:\/\/www.facebook.com\/UnToitCestTout\" \/>\n<meta property=\"article:modified_time\" content=\"2025-12-19T19:10:34+00:00\" \/>\n<meta name=\"twitter:card\" content=\"summary_large_image\" \/>\n<meta name=\"twitter:label1\" content=\"Dur\u00e9e de lecture estim\u00e9e\" \/>\n\t<meta name=\"twitter:data1\" content=\"2 minutes\" \/>\n<script type=\"application\/ld+json\" class=\"yoast-schema-graph\">{\"@context\":\"https:\\\/\\\/schema.org\",\"@graph\":[{\"@type\":\"WebPage\",\"@id\":\"https:\\\/\\\/untoitcesttout.org\\\/?page_id=67\",\"url\":\"https:\\\/\\\/untoitcesttout.org\\\/?page_id=67\",\"name\":\"Rejoignez nous! - Un Toit C&#039;est Tout\",\"isPartOf\":{\"@id\":\"https:\\\/\\\/untoitcesttout.org\\\/#website\"},\"primaryImageOfPage\":{\"@id\":\"https:\\\/\\\/untoitcesttout.org\\\/?page_id=67#primaryimage\"},\"image\":{\"@id\":\"https:\\\/\\\/untoitcesttout.org\\\/?page_id=67#primaryimage\"},\"thumbnailUrl\":\"https:\\\/\\\/untoitcesttout.org\\\/wp-content\\\/uploads\\\/2023\\\/03\\\/depositphotos_145939333-stock-photo-colorful-painted-human-hands-1.webp\",\"datePublished\":\"2022-03-14T15:34:22+00:00\",\"dateModified\":\"2025-12-19T19:10:34+00:00\",\"breadcrumb\":{\"@id\":\"https:\\\/\\\/untoitcesttout.org\\\/?page_id=67#breadcrumb\"},\"inLanguage\":\"fr-FR\",\"potentialAction\":[{\"@type\":\"ReadAction\",\"target\":[\"https:\\\/\\\/untoitcesttout.org\\\/?page_id=67\"]}]},{\"@type\":\"ImageObject\",\"inLanguage\":\"fr-FR\",\"@id\":\"https:\\\/\\\/untoitcesttout.org\\\/?page_id=67#primaryimage\",\"url\":\"\",\"contentUrl\":\"\"},{\"@type\":\"BreadcrumbList\",\"@id\":\"https:\\\/\\\/untoitcesttout.org\\\/?page_id=67#breadcrumb\",\"itemListElement\":[{\"@type\":\"ListItem\",\"position\":1,\"name\":\"Accueil\",\"item\":\"https:\\\/\\\/untoitcesttout.org\\\/\"},{\"@type\":\"ListItem\",\"position\":2,\"name\":\"Rejoignez nous!\"}]},{\"@type\":\"WebSite\",\"@id\":\"https:\\\/\\\/untoitcesttout.org\\\/#website\",\"url\":\"https:\\\/\\\/untoitcesttout.org\\\/\",\"name\":\"Un Toit C'est Tout\",\"description\":\"Association de solidarit\u00e9 pour et avec les sans logement\",\"potentialAction\":[{\"@type\":\"SearchAction\",\"target\":{\"@type\":\"EntryPoint\",\"urlTemplate\":\"https:\\\/\\\/untoitcesttout.org\\\/?s={search_term_string}\"},\"query-input\":{\"@type\":\"PropertyValueSpecification\",\"valueRequired\":true,\"valueName\":\"search_term_string\"}}],\"inLanguage\":\"fr-FR\"}]}<\/script>\n<!-- \/ Yoast SEO plugin. -->","yoast_head_json":{"title":"Rejoignez nous! - Un Toit C&#039;est Tout","robots":{"index":"index","follow":"follow","max-snippet":"max-snippet:-1","max-image-preview":"max-image-preview:large","max-video-preview":"max-video-preview:-1"},"canonical":"https:\/\/untoitcesttout.org\/?page_id=67","og_locale":"fr_FR","og_type":"article","og_title":"Rejoignez nous! - Un Toit C&#039;est Tout","og_description":"Devenir membre:Adh\u00e9rer \u00e0 l&rsquo;association par une cotisation annuelle de 10 \u20ac.Parrainer l&rsquo;association en s&rsquo;engageant \u00e0 verser une somme r\u00e9guli\u00e8rement.par exemple 5 \u20ac par mois x 12 mois = 60 \u20ac par an &#8230; 20\u20ac par mois x 12 mois = &hellip; Continuer la lecture &rarr;","og_url":"https:\/\/untoitcesttout.org\/?page_id=67","og_site_name":"Un Toit C&#039;est Tout","article_publisher":"https:\/\/www.facebook.com\/UnToitCestTout","article_modified_time":"2025-12-19T19:10:34+00:00","twitter_card":"summary_large_image","twitter_misc":{"Dur\u00e9e de lecture estim\u00e9e":"2 minutes"},"schema":{"@context":"https:\/\/schema.org","@graph":[{"@type":"WebPage","@id":"https:\/\/untoitcesttout.org\/?page_id=67","url":"https:\/\/untoitcesttout.org\/?page_id=67","name":"Rejoignez nous! - Un Toit C&#039;est Tout","isPartOf":{"@id":"https:\/\/untoitcesttout.org\/#website"},"primaryImageOfPage":{"@id":"https:\/\/untoitcesttout.org\/?page_id=67#primaryimage"},"image":{"@id":"https:\/\/untoitcesttout.org\/?page_id=67#primaryimage"},"thumbnailUrl":"https:\/\/untoitcesttout.org\/wp-content\/uploads\/2023\/03\/depositphotos_145939333-stock-photo-colorful-painted-human-hands-1.webp","datePublished":"2022-03-14T15:34:22+00:00","dateModified":"2025-12-19T19:10:34+00:00","breadcrumb":{"@id":"https:\/\/untoitcesttout.org\/?page_id=67#breadcrumb"},"inLanguage":"fr-FR","potentialAction":[{"@type":"ReadAction","target":["https:\/\/untoitcesttout.org\/?page_id=67"]}]},{"@type":"ImageObject","inLanguage":"fr-FR","@id":"https:\/\/untoitcesttout.org\/?page_id=67#primaryimage","url":"","contentUrl":""},{"@type":"BreadcrumbList","@id":"https:\/\/untoitcesttout.org\/?page_id=67#breadcrumb","itemListElement":[{"@type":"ListItem","position":1,"name":"Accueil","item":"https:\/\/untoitcesttout.org\/"},{"@type":"ListItem","position":2,"name":"Rejoignez nous!"}]},{"@type":"WebSite","@id":"https:\/\/untoitcesttout.org\/#website","url":"https:\/\/untoitcesttout.org\/","name":"Un Toit C'est Tout","description":"Association de solidarit\u00e9 pour et avec les sans logement","potentialAction":[{"@type":"SearchAction","target":{"@type":"EntryPoint","urlTemplate":"https:\/\/untoitcesttout.org\/?s={search_term_string}"},"query-input":{"@type":"PropertyValueSpecification","valueRequired":true,"valueName":"search_term_string"}}],"inLanguage":"fr-FR"}]}},"_links":{"self":[{"href":"https:\/\/untoitcesttout.org\/index.php?rest_route=\/wp\/v2\/pages\/67","targetHints":{"allow":["GET"]}}],"collection":[{"href":"https:\/\/untoitcesttout.org\/index.php?rest_route=\/wp\/v2\/pages"}],"about":[{"href":"https:\/\/untoitcesttout.org\/index.php?rest_route=\/wp\/v2\/types\/page"}],"author":[{"embeddable":true,"href":"https:\/\/untoitcesttout.org\/index.php?rest_route=\/wp\/v2\/users\/1"}],"replies":[{"embeddable":true,"href":"https:\/\/untoitcesttout.org\/index.php?rest_route=%2Fwp%2Fv2%2Fcomments&post=67"}],"version-history":[{"count":11,"href":"https:\/\/untoitcesttout.org\/index.php?rest_route=\/wp\/v2\/pages\/67\/revisions"}],"predecessor-version":[{"id":787,"href":"https:\/\/untoitcesttout.org\/index.php?rest_route=\/wp\/v2\/pages\/67\/revisions\/787"}],"wp:attachment":[{"href":"https:\/\/untoitcesttout.org\/index.php?rest_route=%2Fwp%2Fv2%2Fmedia&parent=67"}],"curies":[{"name":"wp","href":"https:\/\/api.w.org\/{rel}","templated":true}]}}