{"id":361,"date":"2023-02-23T16:56:16","date_gmt":"2023-02-23T15:56:16","guid":{"rendered":"https:\/\/untoitcesttout.org\/?page_id=361"},"modified":"2023-03-02T21:43:35","modified_gmt":"2023-03-02T20:43:35","slug":"le-parcours-dun-demandeur-dasile","status":"publish","type":"page","link":"https:\/\/untoitcesttout.org\/?page_id=361","title":{"rendered":"Parcours d&rsquo;un demandeur d&rsquo;asile"},"content":{"rendered":"\n<p>Les demandeurs d&rsquo;asile arrivent en France avec beaucoup d&rsquo;espoir. avant d&rsquo;obtenir un titre de s\u00e9jour il se passe plusieurs ann\u00e9es (parfois 8 ans, 10 ans&#8230;) au cours desquelles  les familles  passent par des phases de d\u00e9couragement voire de d\u00e9pression. Les associations ont un r\u00f4le important \u00e0 jouer pour mettre de l&rsquo;humanit\u00e9 dans toutes ces d\u00e9marches.<\/p>\n\n\n\n<figure class=\"wp-block-image size-large\"><img loading=\"lazy\" decoding=\"async\" width=\"708\" height=\"1024\" src=\"https:\/\/untoitcesttout.org\/wp-content\/uploads\/2022\/05\/Parcours-demandeur-dasile-1-708x1024.jpg\" alt=\"\" class=\"wp-image-186\" srcset=\"https:\/\/untoitcesttout.org\/wp-content\/uploads\/2022\/05\/Parcours-demandeur-dasile-1-708x1024.jpg 708w, https:\/\/untoitcesttout.org\/wp-content\/uploads\/2022\/05\/Parcours-demandeur-dasile-1-207x300.jpg 207w, https:\/\/untoitcesttout.org\/wp-content\/uploads\/2022\/05\/Parcours-demandeur-dasile-1-768x1111.jpg 768w, https:\/\/untoitcesttout.org\/wp-content\/uploads\/2022\/05\/Parcours-demandeur-dasile-1-1062x1536.jpg 1062w, https:\/\/untoitcesttout.org\/wp-content\/uploads\/2022\/05\/Parcours-demandeur-dasile-1-1416x2048.jpg 1416w, https:\/\/untoitcesttout.org\/wp-content\/uploads\/2022\/05\/Parcours-demandeur-dasile-1-scaled.jpg 1770w\" sizes=\"auto, (max-width: 708px) 100vw, 708px\" \/><\/figure>\n","protected":false},"excerpt":{"rendered":"<p>Les demandeurs d&rsquo;asile arrivent en France avec beaucoup d&rsquo;espoir. avant d&rsquo;obtenir un titre de s\u00e9jour il se passe plusieurs ann\u00e9es (parfois 8 ans, 10 ans&#8230;) au cours desquelles les familles passent par des phases de d\u00e9couragement voire de d\u00e9pression. Les &hellip; <a href=\"https:\/\/untoitcesttout.org\/?page_id=361\">Continuer la lecture <span class=\"meta-nav\">&rarr;<\/span><\/a><\/p>\n","protected":false},"author":1,"featured_media":0,"parent":0,"menu_order":0,"comment_status":"closed","ping_status":"closed","template":"","meta":{"footnotes":""},"class_list":["post-361","page","type-page","status-publish","hentry"],"yoast_head":"<!-- This site is optimized with the Yoast SEO plugin v27.4 - https:\/\/yoast.com\/product\/yoast-seo-wordpress\/ -->\n<title>Parcours d&#039;un demandeur d&#039;asile - Un Toit C&#039;est Tout<\/title>\n<meta name=\"robots\" content=\"index, follow, max-snippet:-1, max-image-preview:large, max-video-preview:-1\" \/>\n<link rel=\"canonical\" href=\"https:\/\/untoitcesttout.org\/?page_id=361\" \/>\n<meta property=\"og:locale\" content=\"fr_FR\" \/>\n<meta property=\"og:type\" content=\"article\" \/>\n<meta property=\"og:title\" content=\"Parcours d&#039;un demandeur d&#039;asile - Un Toit C&#039;est Tout\" \/>\n<meta property=\"og:description\" content=\"Les demandeurs d&rsquo;asile arrivent en France avec beaucoup d&rsquo;espoir. avant d&rsquo;obtenir un titre de s\u00e9jour il se passe plusieurs ann\u00e9es (parfois 8 ans, 10 ans&#8230;) au cours desquelles les familles passent par des phases de d\u00e9couragement voire de d\u00e9pression. Les &hellip; Continuer la lecture &rarr;\" \/>\n<meta property=\"og:url\" content=\"https:\/\/untoitcesttout.org\/?page_id=361\" \/>\n<meta property=\"og:site_name\" content=\"Un Toit C&#039;est Tout\" \/>\n<meta property=\"article:publisher\" content=\"https:\/\/www.facebook.com\/UnToitCestTout\" \/>\n<meta property=\"article:modified_time\" content=\"2023-03-02T20:43:35+00:00\" \/>\n<meta property=\"og:image\" content=\"https:\/\/untoitcesttout.org\/wp-content\/uploads\/2022\/05\/Parcours-demandeur-dasile-1-708x1024.jpg\" \/>\n<meta name=\"twitter:card\" content=\"summary_large_image\" \/>\n<meta name=\"twitter:label1\" content=\"Dur\u00e9e de lecture estim\u00e9e\" \/>\n\t<meta name=\"twitter:data1\" content=\"1 minute\" \/>\n<script type=\"application\/ld+json\" class=\"yoast-schema-graph\">{\"@context\":\"https:\\\/\\\/schema.org\",\"@graph\":[{\"@type\":\"WebPage\",\"@id\":\"https:\\\/\\\/untoitcesttout.org\\\/?page_id=361\",\"url\":\"https:\\\/\\\/untoitcesttout.org\\\/?page_id=361\",\"name\":\"Parcours d'un demandeur d'asile - Un Toit C&#039;est Tout\",\"isPartOf\":{\"@id\":\"https:\\\/\\\/untoitcesttout.org\\\/#website\"},\"primaryImageOfPage\":{\"@id\":\"https:\\\/\\\/untoitcesttout.org\\\/?page_id=361#primaryimage\"},\"image\":{\"@id\":\"https:\\\/\\\/untoitcesttout.org\\\/?page_id=361#primaryimage\"},\"thumbnailUrl\":\"https:\\\/\\\/untoitcesttout.org\\\/wp-content\\\/uploads\\\/2022\\\/05\\\/Parcours-demandeur-dasile-1-708x1024.jpg\",\"datePublished\":\"2023-02-23T15:56:16+00:00\",\"dateModified\":\"2023-03-02T20:43:35+00:00\",\"breadcrumb\":{\"@id\":\"https:\\\/\\\/untoitcesttout.org\\\/?page_id=361#breadcrumb\"},\"inLanguage\":\"fr-FR\",\"potentialAction\":[{\"@type\":\"ReadAction\",\"target\":[\"https:\\\/\\\/untoitcesttout.org\\\/?page_id=361\"]}]},{\"@type\":\"ImageObject\",\"inLanguage\":\"fr-FR\",\"@id\":\"https:\\\/\\\/untoitcesttout.org\\\/?page_id=361#primaryimage\",\"url\":\"https:\\\/\\\/untoitcesttout.org\\\/wp-content\\\/uploads\\\/2022\\\/05\\\/Parcours-demandeur-dasile-1-708x1024.jpg\",\"contentUrl\":\"https:\\\/\\\/untoitcesttout.org\\\/wp-content\\\/uploads\\\/2022\\\/05\\\/Parcours-demandeur-dasile-1-708x1024.jpg\"},{\"@type\":\"BreadcrumbList\",\"@id\":\"https:\\\/\\\/untoitcesttout.org\\\/?page_id=361#breadcrumb\",\"itemListElement\":[{\"@type\":\"ListItem\",\"position\":1,\"name\":\"Accueil\",\"item\":\"https:\\\/\\\/untoitcesttout.org\\\/\"},{\"@type\":\"ListItem\",\"position\":2,\"name\":\"Parcours d&rsquo;un demandeur d&rsquo;asile\"}]},{\"@type\":\"WebSite\",\"@id\":\"https:\\\/\\\/untoitcesttout.org\\\/#website\",\"url\":\"https:\\\/\\\/untoitcesttout.org\\\/\",\"name\":\"Un Toit C'est Tout\",\"description\":\"Association de solidarit\u00e9 pour et avec les sans logement\",\"potentialAction\":[{\"@type\":\"SearchAction\",\"target\":{\"@type\":\"EntryPoint\",\"urlTemplate\":\"https:\\\/\\\/untoitcesttout.org\\\/?s={search_term_string}\"},\"query-input\":{\"@type\":\"PropertyValueSpecification\",\"valueRequired\":true,\"valueName\":\"search_term_string\"}}],\"inLanguage\":\"fr-FR\"}]}<\/script>\n<!-- \/ Yoast SEO plugin. -->","yoast_head_json":{"title":"Parcours d'un demandeur d'asile - Un Toit C&#039;est Tout","robots":{"index":"index","follow":"follow","max-snippet":"max-snippet:-1","max-image-preview":"max-image-preview:large","max-video-preview":"max-video-preview:-1"},"canonical":"https:\/\/untoitcesttout.org\/?page_id=361","og_locale":"fr_FR","og_type":"article","og_title":"Parcours d'un demandeur d'asile - Un Toit C&#039;est Tout","og_description":"Les demandeurs d&rsquo;asile arrivent en France avec beaucoup d&rsquo;espoir. avant d&rsquo;obtenir un titre de s\u00e9jour il se passe plusieurs ann\u00e9es (parfois 8 ans, 10 ans&#8230;) au cours desquelles les familles passent par des phases de d\u00e9couragement voire de d\u00e9pression. Les &hellip; Continuer la lecture &rarr;","og_url":"https:\/\/untoitcesttout.org\/?page_id=361","og_site_name":"Un Toit C&#039;est Tout","article_publisher":"https:\/\/www.facebook.com\/UnToitCestTout","article_modified_time":"2023-03-02T20:43:35+00:00","og_image":[{"url":"https:\/\/untoitcesttout.org\/wp-content\/uploads\/2022\/05\/Parcours-demandeur-dasile-1-708x1024.jpg","type":"","width":"","height":""}],"twitter_card":"summary_large_image","twitter_misc":{"Dur\u00e9e de lecture estim\u00e9e":"1 minute"},"schema":{"@context":"https:\/\/schema.org","@graph":[{"@type":"WebPage","@id":"https:\/\/untoitcesttout.org\/?page_id=361","url":"https:\/\/untoitcesttout.org\/?page_id=361","name":"Parcours d'un demandeur d'asile - Un Toit C&#039;est Tout","isPartOf":{"@id":"https:\/\/untoitcesttout.org\/#website"},"primaryImageOfPage":{"@id":"https:\/\/untoitcesttout.org\/?page_id=361#primaryimage"},"image":{"@id":"https:\/\/untoitcesttout.org\/?page_id=361#primaryimage"},"thumbnailUrl":"https:\/\/untoitcesttout.org\/wp-content\/uploads\/2022\/05\/Parcours-demandeur-dasile-1-708x1024.jpg","datePublished":"2023-02-23T15:56:16+00:00","dateModified":"2023-03-02T20:43:35+00:00","breadcrumb":{"@id":"https:\/\/untoitcesttout.org\/?page_id=361#breadcrumb"},"inLanguage":"fr-FR","potentialAction":[{"@type":"ReadAction","target":["https:\/\/untoitcesttout.org\/?page_id=361"]}]},{"@type":"ImageObject","inLanguage":"fr-FR","@id":"https:\/\/untoitcesttout.org\/?page_id=361#primaryimage","url":"https:\/\/untoitcesttout.org\/wp-content\/uploads\/2022\/05\/Parcours-demandeur-dasile-1-708x1024.jpg","contentUrl":"https:\/\/untoitcesttout.org\/wp-content\/uploads\/2022\/05\/Parcours-demandeur-dasile-1-708x1024.jpg"},{"@type":"BreadcrumbList","@id":"https:\/\/untoitcesttout.org\/?page_id=361#breadcrumb","itemListElement":[{"@type":"ListItem","position":1,"name":"Accueil","item":"https:\/\/untoitcesttout.org\/"},{"@type":"ListItem","position":2,"name":"Parcours d&rsquo;un demandeur d&rsquo;asile"}]},{"@type":"WebSite","@id":"https:\/\/untoitcesttout.org\/#website","url":"https:\/\/untoitcesttout.org\/","name":"Un Toit C'est Tout","description":"Association de solidarit\u00e9 pour et avec les sans logement","potentialAction":[{"@type":"SearchAction","target":{"@type":"EntryPoint","urlTemplate":"https:\/\/untoitcesttout.org\/?s={search_term_string}"},"query-input":{"@type":"PropertyValueSpecification","valueRequired":true,"valueName":"search_term_string"}}],"inLanguage":"fr-FR"}]}},"_links":{"self":[{"href":"https:\/\/untoitcesttout.org\/index.php?rest_route=\/wp\/v2\/pages\/361","targetHints":{"allow":["GET"]}}],"collection":[{"href":"https:\/\/untoitcesttout.org\/index.php?rest_route=\/wp\/v2\/pages"}],"about":[{"href":"https:\/\/untoitcesttout.org\/index.php?rest_route=\/wp\/v2\/types\/page"}],"author":[{"embeddable":true,"href":"https:\/\/untoitcesttout.org\/index.php?rest_route=\/wp\/v2\/users\/1"}],"replies":[{"embeddable":true,"href":"https:\/\/untoitcesttout.org\/index.php?rest_route=%2Fwp%2Fv2%2Fcomments&post=361"}],"version-history":[{"count":2,"href":"https:\/\/untoitcesttout.org\/index.php?rest_route=\/wp\/v2\/pages\/361\/revisions"}],"predecessor-version":[{"id":398,"href":"https:\/\/untoitcesttout.org\/index.php?rest_route=\/wp\/v2\/pages\/361\/revisions\/398"}],"wp:attachment":[{"href":"https:\/\/untoitcesttout.org\/index.php?rest_route=%2Fwp%2Fv2%2Fmedia&parent=361"}],"curies":[{"name":"wp","href":"https:\/\/api.w.org\/{rel}","templated":true}]}}